{"id":10,"date":"2017-03-16T20:00:46","date_gmt":"2017-03-16T20:00:46","guid":{"rendered":"https:\/\/prasadayurveda.com\/?page_id=10"},"modified":"2025-10-06T12:20:56","modified_gmt":"2025-10-06T16:20:56","slug":"accueil__trashed","status":"publish","type":"page","link":"https:\/\/prasadayurveda.com\/fr\/","title":{"rendered":"Accueil"},"content":{"rendered":"<div class=\"wpb-content-wrapper\"><p>[vc_row fullwidth=\u00a0\u00bbtrue\u00a0\u00bb][vc_column]\n\t\t\t\t<p class=\"rs-p-wp-fix\"><\/p>\n\t\t\t\t<sr7-module data-alias=\"accueil\" data-id=\"1\" id=\"SR7_1_1\" class=\"rs-ov-hidden\" data-version=\"6.7.54\">\n\t\t\t\t\t<sr7-adjuster><\/sr7-adjuster>\n\t\t\t\t\t<sr7-content>\n\t\t\t\t\t\t<sr7-slide id=\"SR7_1_1-1\" data-key=\"1\">\n\t\t\t\t\t\t\t<sr7-bg id=\"SR7_1_1-1-2\" class=\"sr7-layer\"><noscript><img decoding=\"async\" src=\"https:\/\/prasadayurveda.com\/wp-content\/uploads\/2017\/03\/prasad_accueil_top01.jpg\" alt=\"\" title=\"prasad_accueil_top01\"><\/noscript><\/sr7-bg>\n\t\t\t\t\t\t\t<sr7-txt id=\"SR7_1_1-1-1\" class=\"sr7-layer\">UNE ALIMENTATION PLUS SAINE<\/sr7-txt>\n\t\t\t\t\t\t<\/sr7-slide>\n\t\t\t\t\t\t<sr7-slide id=\"SR7_1_1-2\" data-key=\"2\">\n\t\t\t\t\t\t\t<sr7-bg id=\"SR7_1_1-2-2\" class=\"sr7-layer\"><noscript><img decoding=\"async\" src=\"https:\/\/prasadayurveda.com\/wp-content\/uploads\/2017\/03\/prasad_accueil_top02.jpg\" alt=\"\" title=\"prasad_accueil_top02\"><\/noscript><\/sr7-bg>\n\t\t\t\t\t\t\t<sr7-txt id=\"SR7_1_1-2-1\" class=\"sr7-layer\">UNE ALIMENTATION PLUS SAINE<\/sr7-txt>\n\t\t\t\t\t\t<\/sr7-slide>\n\t\t\t\t\t\t<sr7-slide id=\"SR7_1_1-3\" data-key=\"3\">\n\t\t\t\t\t\t\t<sr7-bg id=\"SR7_1_1-3-2\" class=\"sr7-layer\"><noscript><img decoding=\"async\" src=\"https:\/\/prasadayurveda.com\/wp-content\/uploads\/2017\/03\/prasad_accueil_top03.jpg\" alt=\"\" title=\"prasad_accueil_top03\"><\/noscript><\/sr7-bg>\n\t\t\t\t\t\t\t<sr7-txt id=\"SR7_1_1-3-1\" class=\"sr7-layer\">UNE ALIMENTATION PLUS SAINE<\/sr7-txt>\n\t\t\t\t\t\t<\/sr7-slide>\n\t\t\t\t\t\t<sr7-slide id=\"SR7_1_1-17\" data-key=\"17\">\n\t\t\t\t\t\t<\/sr7-slide>\n\t\t\t\t\t<\/sr7-content>\n\t\t\t\t\t<image_lists style=\"display:none\">\n\t\t\t\t\t\t<img data-src=\"\/\/prasadayurveda.com\/wp-content\/uploads\/2017\/03\/prasad_accueil_top01.jpg\" width=\"0\" height=\"0\" data-dbsrc=\"Ly9wcmFzYWRheXVydmVkYS5jb20vd3AtY29udGVudC91cGxvYWRzLzIwMTcvMDMvcHJhc2FkX2FjY3VlaWxfdG9wMDEuanBn\"\/>\n\t\t\t\t\t\t<img data-src=\"\/\/prasadayurveda.com\/wp-content\/uploads\/2017\/03\/prasad_accueil_top02.jpg\" width=\"0\" height=\"0\" data-dbsrc=\"Ly9wcmFzYWRheXVydmVkYS5jb20vd3AtY29udGVudC91cGxvYWRzLzIwMTcvMDMvcHJhc2FkX2FjY3VlaWxfdG9wMDIuanBn\"\/>\n\t\t\t\t\t\t<img data-src=\"\/\/prasadayurveda.com\/wp-content\/uploads\/2017\/03\/prasad_accueil_top03.jpg\" width=\"0\" height=\"0\" data-dbsrc=\"Ly9wcmFzYWRheXVydmVkYS5jb20vd3AtY29udGVudC91cGxvYWRzLzIwMTcvMDMvcHJhc2FkX2FjY3VlaWxfdG9wMDMuanBn\"\/>\n\t\t\t\t\t<\/image_lists>\n\t\t\t\t<\/sr7-module>\n\t\t\t\t<script>\n\t\t\t\t\twindow.SR7 ??={};SR7.PMH ??={}; SR7.PMH[\"SR7_1_1\"] = {cn:100,state:false,fn: function() { if (window._tpt!==undefined && window._tpt.prepareModuleHeight !== undefined) {  _tpt.prepareModuleHeight({id:\"SR7_1_1\",el:[468,468,468,468,550],type:'standard',shdw:'0',gh:[468,468,468,468,550],gw:[1240,1240,1240,1240,480],vpt:['-200px&#039;,&#039;-200px&#039;,&#039;-200px&#039;,&#039;-200px&#039;,&#039;-200px'],size:{fullWidth:true, fullHeight:false},mh:'0',onh:0,onw:0,bg:{color:'{\"orig\":\"transparent\",\"type\":\"solid\",\"string\":\"transparent\"}'},plType:'0',plColor:'#FFFFFF'});   SR7.PMH[\"SR7_1_1\"].state=true;} else if(SR7.PMH[\"SR7_1_1\"].cn-->0)\tsetTimeout( SR7.PMH[\"SR7_1_1\"].fn,19);}};SR7.PMH[\"SR7_1_1\" ].fn();\n\t\t\t\t<\/script>\n[\/vc_column][\/vc_row][vc_row equal_columns=\u00a0\u00bbtrue\u00a0\u00bb el_class=\u00a0\u00bbrow-title\u00a0\u00bb][vc_column][vc_column_text margin_bottom=\u00a0\u00bb30&Prime; css=\u00a0\u00bb.vc_custom_1647849051156{margin-bottom: 30px !important;}\u00a0\u00bb]<\/p>\n<h1 style=\"text-align: center;\">PRASAD AYURVEDA<\/h1>\n<h3 style=\"text-align: center;\"><\/h3>\n<h2 style=\"text-align: center;\">En Sanskrit, Prasad signifie \u00ab\u00a0B\u00e9n\u00e9diction\u00a0\u00bb<\/h2>\n<p>[\/vc_column_text][\/vc_column][\/vc_row][vc_row equal_columns=\u00a0\u00bbtrue\u00a0\u00bb el_class=\u00a0\u00bbrow-title\u00a0\u00bb][vc_column][vc_column_text margin_bottom=\u00a0\u00bb30&Prime; css=\u00a0\u00bb.vc_custom_1759767646617{margin-bottom: 30px !important;}\u00a0\u00bb]<\/p>\n<h1 style=\"text-align: center;\">NOUVEAU!<\/h1>\n<h3 style=\"text-align: center;\"><\/h3>\n<h2 style=\"text-align: center;\">100% canadien et naturel<\/h2>\n<p>[\/vc_column_text][vc_row_inner is_fullwidth_content=\u00a0\u00bbfalse\u00a0\u00bb][vc_column_inner][mk_image src=\u00a0\u00bbhttps:\/\/prasadayurveda.com\/wp-content\/uploads\/2025\/10\/Prasad-Ghee-420g-Hi-Res-FRONT.png\u00a0\u00bb image_size=\u00a0\u00bbfull\u00a0\u00bb align=\u00a0\u00bbcenter\u00a0\u00bb][vc_column_text margin_bottom=\u00a0\u00bb20&Prime; css=\u00a0\u00bb.vc_custom_1759767454311{margin-bottom: 20px !important;}\u00a0\u00bb]<\/p>\n<ul>\n<li>Fait au Canada, m\u00e9thode de cuisson lente, avec du vrai beurre de lait 100% canadien<\/li>\n<li>Sans antibiotique:\u00a0 Au Canada, tout le lait doit \u00eatre analys\u00e9 pour d\u00e9tecter la pr\u00e9sence possible de r\u00e9sidus d\u2019antibiotiques avant qu\u2019une usine de transformation ne puisse l\u2019accepter.<\/li>\n<li>Sans hormones:\u00a0 Le lait 100\u00a0% canadien provient de vaches canadiennes ne recevant pas de STbr puisque l\u2019importation, la vente et l\u2019utilisation de cette hormone de croissance artificielle sont interdites au Canada.<\/li>\n<\/ul>\n<p>[\/vc_column_text][vc_column_text el_class=\u00a0\u00bbtitle-ghee\u00a0\u00bb]<\/p>\n<h3 style=\"text-align: center;\"><\/h3>\n<h3 style=\"text-align: center;\"><\/h3>\n<p>[\/vc_column_text][\/vc_column_inner][\/vc_row_inner][vc_row_inner is_fullwidth_content=\u00a0\u00bbfalse\u00a0\u00bb][vc_column_inner][mk_image src=\u00a0\u00bbhttps:\/\/prasadayurveda.com\/wp-content\/uploads\/2017\/03\/Prasad-Ayurveda_425g-scaled.jpg\u00a0\u00bb image_size=\u00a0\u00bbfull\u00a0\u00bb align=\u00a0\u00bbcenter\u00a0\u00bb][vc_column_text margin_bottom=\u00a0\u00bb20&Prime;]<\/p>\n<ul>\n<li>Une huile haute de gamme polyvalente \u00e0 saveur douce et plaisante, qui comporte des avantages nutritifs et des propri\u00e9t\u00e9s m\u00e9dicinales<\/li>\n<li>Le Ghee est le produit final d&rsquo;un proc\u00e9d\u00e9 qui permet d&rsquo;\u00e9liminer toutes les mati\u00e8res laiti\u00e8res solides et les impuret\u00e9s du beurre.<\/li>\n<\/ul>\n<p>[\/vc_column_text][mk_button dimension=\u00a0\u00bboutline\u00a0\u00bb size=\u00a0\u00bbmedium\u00a0\u00bb url=\u00a0\u00bb\/fr\/ghee\/\u00a0\u00bb align=\u00a0\u00bbcenter\u00a0\u00bb button_custom_width=\u00a0\u00bb\u00a0\u00bb outline_skin=\u00a0\u00bbcustom\u00a0\u00bb outline_active_color=\u00a0\u00bb#e4bf6e\u00a0\u00bb outline_active_text_color=\u00a0\u00bb#231f20&Prime; outline_hover_bg_color=\u00a0\u00bb#e4bf6e\u00a0\u00bb outline_hover_color=\u00a0\u00bb#231f20&Prime;]D\u00e9couvrez le GHEE biologique[\/mk_button][vc_column_text el_class=\u00a0\u00bbtitle-ghee\u00a0\u00bb]<\/p>\n<h3 style=\"text-align: center;\"><\/h3>\n<h3 style=\"text-align: center;\"><\/h3>\n<p>[\/vc_column_text][\/vc_column_inner][\/vc_row_inner][vc_row_inner][vc_column_inner width=\u00a0\u00bb1\/3&Prime;][\/vc_column_inner][vc_column_inner width=\u00a0\u00bb1\/3&Prime;][mk_image src=\u00a0\u00bbhttps:\/\/prasadayurveda.com\/wp-content\/uploads\/2018\/11\/dfc_advert_fr_rgb300.png\u00a0\u00bb image_size=\u00a0\u00bbmedium\u00a0\u00bb link=\u00a0\u00bbhttps:\/\/www.plaisirslaitiers.ca\/\u00a0\u00bb target=\u00a0\u00bb_blank\u00a0\u00bb align=\u00a0\u00bbcenter\u00a0\u00bb margin_bottom=\u00a0\u00bb15&Prime;][\/vc_column_inner][vc_column_inner width=\u00a0\u00bb1\/3&Prime;][\/vc_column_inner][\/vc_row_inner][vc_column_text margin_bottom=\u00a0\u00bb20&Prime;]<\/p>\n<h3 style=\"text-align: center;\">Fait avec du lait canadien biologique de vaches nourries principalement d\u2019herbe et de foin<\/h3>\n<p>[\/vc_column_text][vc_row_inner][vc_column_inner width=\u00a0\u00bb1\/3&Prime;][mk_image src=\u00a0\u00bbhttps:\/\/prasadayurveda.com\/wp-content\/uploads\/2017\/03\/sans-lactose-e1494041641949.png\u00a0\u00bb image_size=\u00a0\u00bbfull\u00a0\u00bb align=\u00a0\u00bbcenter\u00a0\u00bb margin_bottom=\u00a0\u00bb15&Prime;][\/vc_column_inner][vc_column_inner width=\u00a0\u00bb1\/3&Prime;][mk_image src=\u00a0\u00bbhttps:\/\/prasadayurveda.com\/wp-content\/uploads\/2017\/03\/termometre-e1494041672726.png\u00a0\u00bb image_size=\u00a0\u00bbfull\u00a0\u00bb align=\u00a0\u00bbcenter\u00a0\u00bb margin_bottom=\u00a0\u00bb15&Prime;][\/vc_column_inner][vc_column_inner width=\u00a0\u00bb1\/3&Prime;][mk_image src=\u00a0\u00bbhttps:\/\/prasadayurveda.com\/wp-content\/uploads\/2017\/03\/sans-gluten-e1494041717822.png\u00a0\u00bb image_size=\u00a0\u00bbfull\u00a0\u00bb align=\u00a0\u00bbcenter\u00a0\u00bb margin_bottom=\u00a0\u00bb15&Prime;][\/vc_column_inner][\/vc_row_inner][\/vc_column][\/vc_row][vc_row fullwidth=\u00a0\u00bbtrue\u00a0\u00bb fullwidth_content=\u00a0\u00bbfalse\u00a0\u00bb css=\u00a0\u00bb.vc_custom_1647852394597{margin-top: 30px !important;padding-top: 50px !important;padding-bottom: 90px !important;background-image: url(https:\/\/prasadayurveda.com\/wp-content\/uploads\/2017\/03\/prasad_accueil_bandeau-1.jpg?id=186) !important;}\u00a0\u00bb][vc_column][vc_column_text el_class=\u00a0\u00bbmk-text-block white\u00a0\u00bb css=\u00a0\u00bb.vc_custom_1647667013386{padding-left: 1% !important;}\u00a0\u00bb]<\/p>\n<h3 style=\"font-size: 30px; margin-bottom: 20px;\">UTILISATIONS<\/h3>\n<ul>\n<li style=\"font-size: 22px;\">Fritures, saut\u00e9s et grillades<\/li>\n<li style=\"font-size: 22px;\">Soupes, sauces et p\u00e2tes<\/li>\n<li style=\"font-size: 22px;\">Le riz, le quinoa, et les l\u00e9gumes<\/li>\n<li style=\"font-size: 22px;\">Tartinade sur craquelins, ou pain<\/li>\n<li style=\"font-size: 22px;\">\u00c9clater le popcorn<\/li>\n<\/ul>\n<p>[\/vc_column_text][vc_column_inner width=\u00a0\u00bb1\/6&Prime;][\/vc_column_inner][\/vc_column][\/vc_row][vc_row el_class=\u00a0\u00bbrow-padding\u00a0\u00bb][vc_column width=\u00a0\u00bb1\/4&Prime;][\/vc_column][vc_column width=\u00a0\u00bb1\/2&Prime;][vc_column_text]<\/p>\n<h3 style=\"text-align: center;\">POURQUOI BIOLOGIQUE ?<\/h3>\n<p>[\/vc_column_text][vc_column_text margin_bottom=\u00a0\u00bb40&Prime; el_class=\u00a0\u00bbtext-prasad\u00a0\u00bb css=\u00a0\u00bb.vc_custom_1713883041963{margin-bottom: 40px !important;}\u00a0\u00bb]Puisque les toxines environnementales se lient aux mol\u00e9cules de gras, il est essentiel que le Ghee soit fait \u00e0 base de beurre biologique.<\/p>\n<p>Notre Ghee pur est fait de beurre qu\u00e9b\u00e9cois, provenant d\u2019un \u00e9levage\u00a0de vaches, certifi\u00e9 biologique \u00e0 100%.<\/p>\n<p>Fabriqu\u00e9 avec fiert\u00e9 au Canada \u00e0 partir de cr\u00e8me biologique canadien, provenant de petites fermes biologique familiales et de vaches nourries principalement au p\u00e2turage.[\/vc_column_text][vc_row_inner][vc_column_inner width=\u00a0\u00bb1\/2&Prime;][mk_image src=\u00a0\u00bbhttps:\/\/prasadayurveda.com\/wp-content\/uploads\/2017\/04\/canada-organic-1.jpg\u00a0\u00bb image_size=\u00a0\u00bbfull\u00a0\u00bb align=\u00a0\u00bbcenter\u00a0\u00bb margin_bottom=\u00a0\u00bb15&Prime;][\/vc_column_inner][vc_column_inner width=\u00a0\u00bb1\/2&Prime;][mk_image src=\u00a0\u00bbhttps:\/\/prasadayurveda.com\/wp-content\/uploads\/2017\/04\/logo-ecocert-1.jpg\u00a0\u00bb image_size=\u00a0\u00bbfull\u00a0\u00bb link=\u00a0\u00bbhttp:\/\/www.ecocert.com\u00a0\u00bb target=\u00a0\u00bb_blank\u00a0\u00bb align=\u00a0\u00bbcenter\u00a0\u00bb margin_bottom=\u00a0\u00bb15&Prime;][\/vc_column_inner][\/vc_row_inner][vc_column_text]<\/p>\n<h3 style=\"text-align: center;\"><\/h3>\n<h3 style=\"text-align: center;\">Selon les anciens textes ayurv\u00e9diques, il s\u2019agit du meilleur gras qu\u2019on puisse manger.<\/h3>\n<p>[\/vc_column_text][mk_button dimension=\u00a0\u00bboutline\u00a0\u00bb size=\u00a0\u00bbmedium\u00a0\u00bb url=\u00a0\u00bb\/fr\/ayurveda\/\u00a0\u00bb align=\u00a0\u00bbcenter\u00a0\u00bb button_custom_width=\u00a0\u00bb\u00a0\u00bb outline_skin=\u00a0\u00bbcustom\u00a0\u00bb outline_active_color=\u00a0\u00bb#e4bf6e\u00a0\u00bb outline_active_text_color=\u00a0\u00bb#231f20&Prime; outline_hover_bg_color=\u00a0\u00bb#e4bf6e\u00a0\u00bb outline_hover_color=\u00a0\u00bb#231f20&Prime;]AYURV\u00c9DA[\/mk_button][\/vc_column][vc_column width=\u00a0\u00bb1\/4&Prime;][\/vc_column][\/vc_row][vc_row][vc_column][vc_column_text el_class=\u00a0\u00bblegal\u00a0\u00bb]*Le contenu de ce site web n\u2019a pas \u00e9t\u00e9 \u00e9valu\u00e9 par Sant\u00e9 Canada ni le Secr\u00e9tariat am\u00e9ricain aux produits alimentaires et pharmaceutiques (FDA). Les produits Prasad Ayurveda ne sont pas destin\u00e9s au diagnostic, au traitement, \u00e0 la gu\u00e9rison ou \u00e0 la pr\u00e9vention d\u2019aucune maladie.<\/p>\n<p>Avertissement : L\u2019int\u00e9gralit\u00e9 du contenu de ce site web est bas\u00e9e sur des donn\u00e9es recueillies de plusieurs sources externes. Elle ne peut se substituer \u00e0 l\u2019opinion ou au diagnostic d\u2019un professionnel de la sant\u00e9 qualifi\u00e9, ni \u00eatre consid\u00e9r\u00e9e comme des conseils m\u00e9dicaux. L\u2019information qui s\u2019y retrouve a \u00e9t\u00e9 collect\u00e9e aupr\u00e8s de diff\u00e9rentes personnes de la communaut\u00e9 de sant\u00e9 alternative. Nous vous invitons \u00e0 communiquer avec un professionnel de la sant\u00e9 qualifi\u00e9 et \u00e0 effectuer d\u2019autres recherches.[\/vc_column_text][\/vc_column][\/vc_row][vc_row fullwidth=\u00a0\u00bbtrue\u00a0\u00bb][vc_column][mk_image src=\u00a0\u00bbhttps:\/\/prasadayurveda.com\/wp-content\/uploads\/2017\/03\/prasad_accueil_bottom.jpg\u00a0\u00bb image_size=\u00a0\u00bbfull\u00a0\u00bb align=\u00a0\u00bbcenter\u00a0\u00bb margin_bottom=\u00a0\u00bb0&Prime;][\/vc_column][\/vc_row]<\/p>\n<\/div>","protected":false},"excerpt":{"rendered":"<p>[vc_row fullwidth=\u00a0\u00bbtrue\u00a0\u00bb][vc_column][\/vc_column][\/vc_row][vc_row equal_columns=\u00a0\u00bbtrue\u00a0\u00bb el_class=\u00a0\u00bbrow-title\u00a0\u00bb][vc_column][vc_column_text margin_bottom=\u00a0\u00bb30&Prime; css=\u00a0\u00bb.vc_custom_1647849051156{margin-bottom: 30px !important;}\u00a0\u00bb] PRASAD AYURVEDA En Sanskrit, Prasad signifie \u00ab\u00a0B\u00e9n\u00e9diction\u00a0\u00bb [\/vc_column_text][\/vc_column][\/vc_row][vc_row equal_columns=\u00a0\u00bbtrue\u00a0\u00bb el_class=\u00a0\u00bbrow-title\u00a0\u00bb][vc_column][vc_column_text margin_bottom=\u00a0\u00bb30&Prime; css=\u00a0\u00bb.vc_custom_1759767646617{margin-bottom: 30px !important;}\u00a0\u00bb] NOUVEAU! 100% canadien et naturel [\/vc_column_text][vc_row_inner is_fullwidth_content=\u00a0\u00bbfalse\u00a0\u00bb][vc_column_inner][mk_image src=\u00a0\u00bbhttps:\/\/prasadayurveda.com\/wp-content\/uploads\/2025\/10\/Prasad-Ghee-420g-Hi-Res-FRONT.png\u00a0\u00bb image_size=\u00a0\u00bbfull\u00a0\u00bb align=\u00a0\u00bbcenter\u00a0\u00bb][vc_column_text margin_bottom=\u00a0\u00bb20&Prime; css=\u00a0\u00bb.vc_custom_1759767454311{margin-bottom: 20px !important;}\u00a0\u00bb] Fait au Canada, m\u00e9thode de cuisson lente, avec du vrai beurre de lait 100% canadien Sans antibiotique:\u00a0 Au Canada, [&hellip;]<\/p>\n","protected":false},"author":1,"featured_media":0,"parent":53,"menu_order":0,"comment_status":"closed","ping_status":"closed","template":"","meta":{"_acf_changed":false,"footnotes":""},"class_list":["post-10","page","type-page","status-publish","hentry"],"acf":[],"_links":{"self":[{"href":"https:\/\/prasadayurveda.com\/fr\/wp-json\/wp\/v2\/pages\/10","targetHints":{"allow":["GET"]}}],"collection":[{"href":"https:\/\/prasadayurveda.com\/fr\/wp-json\/wp\/v2\/pages"}],"about":[{"href":"https:\/\/prasadayurveda.com\/fr\/wp-json\/wp\/v2\/types\/page"}],"author":[{"embeddable":true,"href":"https:\/\/prasadayurveda.com\/fr\/wp-json\/wp\/v2\/users\/1"}],"replies":[{"embeddable":true,"href":"https:\/\/prasadayurveda.com\/fr\/wp-json\/wp\/v2\/comments?post=10"}],"version-history":[{"count":119,"href":"https:\/\/prasadayurveda.com\/fr\/wp-json\/wp\/v2\/pages\/10\/revisions"}],"predecessor-version":[{"id":4495,"href":"https:\/\/prasadayurveda.com\/fr\/wp-json\/wp\/v2\/pages\/10\/revisions\/4495"}],"up":[{"embeddable":true,"href":"https:\/\/prasadayurveda.com\/fr\/wp-json\/wp\/v2\/pages\/53"}],"wp:attachment":[{"href":"https:\/\/prasadayurveda.com\/fr\/wp-json\/wp\/v2\/media?parent=10"}],"curies":[{"name":"wp","href":"https:\/\/api.w.org\/{rel}","templated":true}]}}