{"id":12,"date":"2017-03-16T20:01:21","date_gmt":"2017-03-16T20:01:21","guid":{"rendered":"https:\/\/prasadayurveda.com\/?page_id=12"},"modified":"2022-03-21T04:14:32","modified_gmt":"2022-03-21T08:14:32","slug":"a-propos","status":"publish","type":"page","link":"https:\/\/prasadayurveda.com\/fr\/a-propos\/","title":{"rendered":"\u00c0 propos"},"content":{"rendered":"<div class=\"wpb-content-wrapper\"><p>[vc_row fullwidth=\u00a0\u00bbtrue\u00a0\u00bb][vc_column]\n\t\t\t\t<p class=\"rs-p-wp-fix\"><\/p>\n\t\t\t\t<sr7-module data-alias=\"About\" data-id=\"3\" id=\"SR7_3_1\" class=\"rs-ov-hidden\" data-version=\"6.7.54\">\n\t\t\t\t\t<sr7-adjuster><\/sr7-adjuster>\n\t\t\t\t\t<sr7-content>\n\t\t\t\t\t\t<sr7-slide id=\"SR7_3_1-7\" data-key=\"7\">\n\t\t\t\t\t\t\t<sr7-bg id=\"SR7_3_1-7-1\" class=\"sr7-layer\"><noscript><img decoding=\"async\" src=\"https:\/\/prasadayurveda.com\/wp-content\/uploads\/2022\/03\/prasad_apropos_top-1.jpg\" alt=\"\" title=\"prasad_apropos_top-1\"><\/noscript><\/sr7-bg>\n\t\t\t\t\t\t<\/sr7-slide>\n\t\t\t\t\t\t<sr7-slide id=\"SR7_3_1-18\" data-key=\"18\">\n\t\t\t\t\t\t<\/sr7-slide>\n\t\t\t\t\t<\/sr7-content>\n\t\t\t\t\t<image_lists style=\"display:none\">\n\t\t\t\t\t\t<img data-src=\"\/\/prasadayurveda.com\/wp-content\/uploads\/2022\/03\/prasad_apropos_top-1.jpg\" data-libid=\"3220\" data-lib=\"medialibrary\" title=\"prasad_apropos_top-1\" width=\"0\" height=\"0\" data-dbsrc=\"Ly9wcmFzYWRheXVydmVkYS5jb20vd3AtY29udGVudC91cGxvYWRzLzIwMjIvMDMvcHJhc2FkX2Fwcm9wb3NfdG9wLTEuanBn\"\/>\n\t\t\t\t\t<\/image_lists>\n\t\t\t\t<\/sr7-module>\n\t\t\t\t<script>\n\t\t\t\t\twindow.SR7 ??={};SR7.PMH ??={}; SR7.PMH[\"SR7_3_1\"] = {cn:100,state:false,fn: function() { if (window._tpt!==undefined && window._tpt.prepareModuleHeight !== undefined) {  _tpt.prepareModuleHeight({id:\"SR7_3_1\",el:[468,468,468,468,550],type:'standard',shdw:'0',gh:[468,468,468,468,550],gw:[1240,1240,1240,1240,480],vpt:['-200px&#039;,&#039;-200px&#039;,&#039;-200px&#039;,&#039;-200px&#039;,&#039;-200px'],size:{fullWidth:true, fullHeight:false},mh:'0',onh:0,onw:0,bg:{color:'{\"orig\":\"transparent\",\"type\":\"solid\",\"string\":\"transparent\"}'}});   SR7.PMH[\"SR7_3_1\"].state=true;} else if(SR7.PMH[\"SR7_3_1\"].cn-->0)\tsetTimeout( SR7.PMH[\"SR7_3_1\"].fn,19);}};SR7.PMH[\"SR7_3_1\" ].fn();\n\t\t\t\t<\/script>\n[\/vc_column][\/vc_row][vc_row el_class=\u00a0\u00bbrow-title\u00a0\u00bb][vc_column width=\u00a0\u00bb1\/2&Prime;][vc_column_text css=\u00a0\u00bb.vc_custom_1647654131713{margin-bottom: 0px !important;}\u00a0\u00bb]<\/p>\n<h1>\u00c0 PROPOS<\/h1>\n<h2>Prasad Ayurveda<\/h2>\n<p><em>Nous remercions les vaches pleines de douceur, l\u2019Inde et la science ayurv\u00e9dique de nous avoir fait le don de ce pr\u00e9cieux cadeau.<\/em><\/p>\n<p>Prasad Ayurveda est une entreprise familiale profond\u00e9ment engag\u00e9e dans le bien-\u00eatre holistique de ses clients.<\/p>\n<p>Notre objectif est de fournir \u00e0 nos clients une s\u00e9lection compl\u00e8te d\u2019\u00e9l\u00e9ments essentiels \u00e0 une saine di\u00e8te inspir\u00e9e des anciens enseignements de l\u2019ayurv\u00e9da. Par l\u2019entremise de nos produits, nous visons \u00e0 promouvoir la sant\u00e9, la vigueur et la possibilit\u00e9 de vivre une vie bien remplie.[\/vc_column_text][\/vc_column][vc_column width=\u00a0\u00bb1\/2&Prime;][mk_image src=\u00a0\u00bbhttps:\/\/prasadayurveda.com\/wp-content\/uploads\/2017\/03\/prasad_apropos_plat.jpg\u00a0\u00bb image_size=\u00a0\u00bbfull\u00a0\u00bb align=\u00a0\u00bbright\u00a0\u00bb margin_bottom=\u00a0\u00bb0&Prime; el_class=\u00a0\u00bbrow-padding\u00a0\u00bb][\/vc_column][vc_column][vc_column_text][mk_padding_divider][vc_column_text]Les membres de notre \u00e9quipe sont tout aussi passionn\u00e9s par l\u2019application des principes ayurv\u00e9diques pour eux-m\u00eames, leurs enfants et leurs proches.<\/p>\n<p>Nous croyons que le ghee est l\u2019\u00e9l\u00e9ment fondamental d\u2019une di\u00e8te pure et nutritive qui favorise l\u2019assimilation ad\u00e9quate de tous les autres nutriments b\u00e9n\u00e9fiques fournis dans les aliments sains.<\/p>\n<p>Chez Prasad Ayurveda, nous sommes d\u00e9di\u00e9s \u00e0 la qualit\u00e9 et \u00e0 la valeur, certifi\u00e9s Canada biologique et soucieux de la provenance de nos produits.<br \/>\n[\/vc_column_text][\/vc_column][\/vc_row][vc_row][vc_column][vc_column_text el_class=\u00a0\u00bblivraison\u00a0\u00bb]<\/p>\n<h2 style=\"text-align: center;\">Prasad Ayurveda est fier de soutenir<\/h2>\n<p style=\"text-align: center;\"><strong><a href=\"https:\/\/www.facebook.com\/farmhousegardenanimalhome\/\" target=\"_blank\" rel=\"noopener noreferrer\"><em>Farmhouse Garden Animal Home<\/em><\/a><\/strong><\/p>\n<p style=\"text-align: center;\"><strong><a href=\"http:\/\/www.careforcows.org\" target=\"_blank\" rel=\"noopener noreferrer\"><em>Care for Cows<\/em><\/a><\/strong><\/p>\n<p>[\/vc_column_text][\/vc_column][\/vc_row][vc_row el_class=\u00a0\u00bbrow-padding\u00a0\u00bb][vc_column][mk_employees grayscale_image=\u00a0\u00bbfalse\u00a0\u00bb count=\u00a0\u00bb3&Prime; order=\u00a0\u00bbASC\u00a0\u00bb name_color=\u00a0\u00bb#580e1f\u00a0\u00bb][\/vc_column][\/vc_row][vc_row][vc_column][mk_image src=\u00a0\u00bbhttps:\/\/prasadayurveda.com\/wp-content\/uploads\/2017\/03\/prasad_apropos_bandeau_familles.jpg\u00a0\u00bb image_size=\u00a0\u00bbfull\u00a0\u00bb align=\u00a0\u00bbright\u00a0\u00bb margin_bottom=\u00a0\u00bb0&Prime;][\/vc_column][\/vc_row][vc_row][vc_column][mk_divider style=\u00a0\u00bbpadding_space\u00a0\u00bb][\/vc_column][\/vc_row]<\/p>\n<\/div>","protected":false},"excerpt":{"rendered":"<p>[vc_row fullwidth=\u00a0\u00bbtrue\u00a0\u00bb][vc_column][\/vc_column][\/vc_row][vc_row el_class=\u00a0\u00bbrow-title\u00a0\u00bb][vc_column width=\u00a0\u00bb1\/2&Prime;][vc_column_text css=\u00a0\u00bb.vc_custom_1647654131713{margin-bottom: 0px !important;}\u00a0\u00bb] \u00c0 PROPOS Prasad Ayurveda Nous remercions les vaches pleines de douceur, l\u2019Inde et la science ayurv\u00e9dique de nous avoir fait le don de ce pr\u00e9cieux cadeau. Prasad Ayurveda est une entreprise familiale profond\u00e9ment engag\u00e9e dans le bien-\u00eatre holistique de ses clients. Notre objectif est de fournir \u00e0 nos [&hellip;]<\/p>\n","protected":false},"author":1,"featured_media":0,"parent":0,"menu_order":0,"comment_status":"closed","ping_status":"closed","template":"","meta":{"_acf_changed":false,"footnotes":""},"class_list":["post-12","page","type-page","status-publish","hentry"],"acf":[],"_links":{"self":[{"href":"https:\/\/prasadayurveda.com\/fr\/wp-json\/wp\/v2\/pages\/12","targetHints":{"allow":["GET"]}}],"collection":[{"href":"https:\/\/prasadayurveda.com\/fr\/wp-json\/wp\/v2\/pages"}],"about":[{"href":"https:\/\/prasadayurveda.com\/fr\/wp-json\/wp\/v2\/types\/page"}],"author":[{"embeddable":true,"href":"https:\/\/prasadayurveda.com\/fr\/wp-json\/wp\/v2\/users\/1"}],"replies":[{"embeddable":true,"href":"https:\/\/prasadayurveda.com\/fr\/wp-json\/wp\/v2\/comments?post=12"}],"version-history":[{"count":48,"href":"https:\/\/prasadayurveda.com\/fr\/wp-json\/wp\/v2\/pages\/12\/revisions"}],"predecessor-version":[{"id":4023,"href":"https:\/\/prasadayurveda.com\/fr\/wp-json\/wp\/v2\/pages\/12\/revisions\/4023"}],"wp:attachment":[{"href":"https:\/\/prasadayurveda.com\/fr\/wp-json\/wp\/v2\/media?parent=12"}],"curies":[{"name":"wp","href":"https:\/\/api.w.org\/{rel}","templated":true}]}}