{"id":2324,"date":"2019-09-04T02:43:40","date_gmt":"2019-09-04T02:43:40","guid":{"rendered":"https:\/\/prasadayurveda.com\/?page_id=2324\/"},"modified":"2019-09-04T14:25:23","modified_gmt":"2019-09-04T14:25:23","slug":"testing","status":"publish","type":"page","link":"https:\/\/prasadayurveda.com\/fr\/testing\/","title":{"rendered":"PRODUITS"},"content":{"rendered":"\n<h2 class=\"wp-block-heading\" style=\"text-align:center\">Frais de 10 $ pour la livraison \u00e0 travers le Canada. Livraison gratuite pour toute commande de 55 $ et plus.<\/h2>\n\n\n\n<h1 class=\"wp-block-heading\" style=\"text-align:center\">PRODUITS<\/h1>\n\n\n<p>[wpcs id=\u00a0\u00bb2342&Prime;]<\/p>\n\n\n\n<h2 class=\"wp-block-heading\" style=\"text-align:center\">D\u00e9couvrez toute la vari\u00e9t\u00e9 de GHEE disponible<\/h2>\n\n\n<div class=\"woocommerce columns-3 \"><ul class=\"products columns-3\">\n<li class=\"product type-product post-47 status-publish first instock product_cat-ghee product_tag-new has-post-thumbnail purchasable product-type-simple\">\r\n\t<a href=\"https:\/\/prasadayurveda.com\/fr\/produit\/ghee-original\/\" class=\"woocommerce-LoopProduct-link woocommerce-loop-product__link\"><\/a><a href=\"\/fr\/wp-json\/wp\/v2\/pages\/2324?add-to-cart=47\" aria-describedby=\"woocommerce_loop_add_to_cart_link_describedby_47\" data-quantity=\"1\" class=\"button product_type_simple add_to_cart_button ajax_add_to_cart\" data-product_id=\"47\" data-product_sku=\"\" aria-label=\"Ajouter au panier\u00a0: &ldquo;Ghee Prasad Ayurveda biologique 425g -100% canadien&rdquo;\" rel=\"nofollow\" data-success_message=\"\u00ab\u00a0Ghee Prasad Ayurveda biologique 425g -100% canadien\u00a0\u00bb a \u00e9t\u00e9 ajout\u00e9 \u00e0 votre panier\" data-product_price=\"39.99\" data-product_name=\"Ghee Prasad Ayurveda biologique 425g -100% canadien\" data-google_product_id=\"\" role=\"button\">Ajouter au panier<\/a>\t<span id=\"woocommerce_loop_add_to_cart_link_describedby_47\" class=\"screen-reader-text\">\n\t\t\t<\/span>\n<\/li>\r\n<li class=\"product type-product post-4481 status-publish instock product_cat-ghee has-post-thumbnail purchasable product-type-simple\">\r\n\t<a href=\"https:\/\/prasadayurveda.com\/fr\/produit\/ghee-prasad-ayurveda-naturel-400g\/\" class=\"woocommerce-LoopProduct-link woocommerce-loop-product__link\"><\/a><a href=\"\/fr\/wp-json\/wp\/v2\/pages\/2324?add-to-cart=4481\" aria-describedby=\"woocommerce_loop_add_to_cart_link_describedby_4481\" data-quantity=\"1\" class=\"button product_type_simple add_to_cart_button ajax_add_to_cart\" data-product_id=\"4481\" data-product_sku=\"\" aria-label=\"Ajouter au panier\u00a0: &ldquo;Ghee Prasad Ayurveda naturel 420g - 100% canadien&rdquo;\" rel=\"nofollow\" data-success_message=\"\u00ab\u00a0Ghee Prasad Ayurveda naturel 420g - 100% canadien\u00a0\u00bb a \u00e9t\u00e9 ajout\u00e9 \u00e0 votre panier\" data-product_price=\"27.99\" data-product_name=\"Ghee Prasad Ayurveda naturel 420g - 100% canadien\" data-google_product_id=\"\" role=\"button\">Ajouter au panier<\/a>\t<span id=\"woocommerce_loop_add_to_cart_link_describedby_4481\" class=\"screen-reader-text\">\n\t\t\t<\/span>\n<\/li>\r\n<li class=\"product type-product post-4310 status-publish last outofstock product_cat-ghee has-post-thumbnail purchasable product-type-simple\">\r\n\t<a href=\"https:\/\/prasadayurveda.com\/fr\/produit\/ghee-heritage-biologique-nourri-a-lherbe-400g\/\" class=\"woocommerce-LoopProduct-link woocommerce-loop-product__link\"><\/a><a href=\"https:\/\/prasadayurveda.com\/fr\/produit\/ghee-heritage-biologique-nourri-a-lherbe-400g\/\" aria-describedby=\"woocommerce_loop_add_to_cart_link_describedby_4310\" data-quantity=\"1\" class=\"button product_type_simple\" data-product_id=\"4310\" data-product_sku=\"\" aria-label=\"En savoir plus sur &ldquo;Ghee Heritage biologique nourri \u00e0 l&#039;herbe 400g&rdquo;\" rel=\"nofollow\" data-success_message=\"\" data-product_price=\"34.99\" data-product_name=\"Ghee Heritage biologique nourri \u00e0 l&#039;herbe 400g\" data-google_product_id=\"\">Lire la suite<\/a>\t<span id=\"woocommerce_loop_add_to_cart_link_describedby_4310\" class=\"screen-reader-text\">\n\t\t\t<\/span>\n<\/li>\r\n<\/ul>\n<\/div>\n","protected":false},"excerpt":{"rendered":"<p>Frais de 10 $ pour la livraison \u00e0 travers le Canada. Livraison gratuite pour toute commande de 55 $ et plus. PRODUITS D\u00e9couvrez toute la vari\u00e9t\u00e9 de GHEE disponible<\/p>\n","protected":false},"author":7,"featured_media":0,"parent":0,"menu_order":0,"comment_status":"closed","ping_status":"closed","template":"","meta":{"_acf_changed":false,"footnotes":""},"class_list":["post-2324","page","type-page","status-publish","hentry"],"acf":[],"_links":{"self":[{"href":"https:\/\/prasadayurveda.com\/fr\/wp-json\/wp\/v2\/pages\/2324","targetHints":{"allow":["GET"]}}],"collection":[{"href":"https:\/\/prasadayurveda.com\/fr\/wp-json\/wp\/v2\/pages"}],"about":[{"href":"https:\/\/prasadayurveda.com\/fr\/wp-json\/wp\/v2\/types\/page"}],"author":[{"embeddable":true,"href":"https:\/\/prasadayurveda.com\/fr\/wp-json\/wp\/v2\/users\/7"}],"replies":[{"embeddable":true,"href":"https:\/\/prasadayurveda.com\/fr\/wp-json\/wp\/v2\/comments?post=2324"}],"version-history":[{"count":15,"href":"https:\/\/prasadayurveda.com\/fr\/wp-json\/wp\/v2\/pages\/2324\/revisions"}],"predecessor-version":[{"id":2410,"href":"https:\/\/prasadayurveda.com\/fr\/wp-json\/wp\/v2\/pages\/2324\/revisions\/2410"}],"wp:attachment":[{"href":"https:\/\/prasadayurveda.com\/fr\/wp-json\/wp\/v2\/media?parent=2324"}],"curies":[{"name":"wp","href":"https:\/\/api.w.org\/{rel}","templated":true}]}}