{"id":47,"date":"2017-03-31T17:44:03","date_gmt":"2017-03-31T17:44:03","guid":{"rendered":"https:\/\/prasadayurveda.com\/?post_type=product&#038;p=47"},"modified":"2025-04-04T11:22:41","modified_gmt":"2025-04-04T15:22:41","slug":"ghee-original","status":"publish","type":"product","link":"https:\/\/prasadayurveda.com\/fr\/produit\/ghee-original\/","title":{"rendered":"Ghee Prasad Ayurveda biologique 425g -100% canadien"},"content":{"rendered":"<p>Le Ghee est le produit final d\u2019un proc\u00e9d\u00e9 qui permet d\u2019\u00e9liminer toutes les mati\u00e8res laiti\u00e8res solides et les impuret\u00e9s du beurre.<\/p>\n","protected":false},"excerpt":{"rendered":"<p>Une huile haute de gamme polyvalente \u00e0 saveur douce et plaisante, qui comporte des avantages nutritifs et des propri\u00e9t\u00e9s m\u00e9dicinales.<\/p>\n<p><img fetchpriority=\"high\" decoding=\"async\" class=\"alignnone wp-image-4237 size-medium\" src=\"https:\/\/prasadayurveda.com\/wp-content\/uploads\/2017\/03\/Prasad-NFT-new-2021-195x300.jpg\" alt=\"\" width=\"195\" height=\"300\" srcset=\"https:\/\/prasadayurveda.com\/wp-content\/uploads\/2017\/03\/Prasad-NFT-new-2021-195x300.jpg 195w, https:\/\/prasadayurveda.com\/wp-content\/uploads\/2017\/03\/Prasad-NFT-new-2021.jpg 484w\" sizes=\"(max-width: 195px) 100vw, 195px\" \/><\/p>\n","protected":false},"featured_media":4384,"comment_status":"closed","ping_status":"closed","template":"","meta":{"_acf_changed":false},"product_brand":[],"product_cat":[11],"product_tag":[36],"class_list":{"0":"post-47","1":"product","2":"type-product","3":"status-publish","4":"has-post-thumbnail","6":"product_cat-ghee","7":"product_tag-new","9":"first","10":"instock","11":"purchasable","12":"product-type-simple"},"acf":[],"_links":{"self":[{"href":"https:\/\/prasadayurveda.com\/fr\/wp-json\/wp\/v2\/product\/47","targetHints":{"allow":["GET"]}}],"collection":[{"href":"https:\/\/prasadayurveda.com\/fr\/wp-json\/wp\/v2\/product"}],"about":[{"href":"https:\/\/prasadayurveda.com\/fr\/wp-json\/wp\/v2\/types\/product"}],"replies":[{"embeddable":true,"href":"https:\/\/prasadayurveda.com\/fr\/wp-json\/wp\/v2\/comments?post=47"}],"wp:featuredmedia":[{"embeddable":true,"href":"https:\/\/prasadayurveda.com\/fr\/wp-json\/wp\/v2\/media\/4384"}],"wp:attachment":[{"href":"https:\/\/prasadayurveda.com\/fr\/wp-json\/wp\/v2\/media?parent=47"}],"wp:term":[{"taxonomy":"product_brand","embeddable":true,"href":"https:\/\/prasadayurveda.com\/fr\/wp-json\/wp\/v2\/product_brand?post=47"},{"taxonomy":"product_cat","embeddable":true,"href":"https:\/\/prasadayurveda.com\/fr\/wp-json\/wp\/v2\/product_cat?post=47"},{"taxonomy":"product_tag","embeddable":true,"href":"https:\/\/prasadayurveda.com\/fr\/wp-json\/wp\/v2\/product_tag?post=47"}],"curies":[{"name":"wp","href":"https:\/\/api.w.org\/{rel}","templated":true}]}}